{"id":10596,"date":"2018-10-18T20:28:58","date_gmt":"2024-06-18T08:54:29","guid":{"rendered":"https:\/\/virtualofficeduiven.nl\/product\/virtual-office-duiven-4995-pro-monat-monatliche-abschreibung\/"},"modified":"2024-08-12T11:12:36","modified_gmt":"2024-08-12T09:12:36","slug":"virtual-office-duiven-4995-pro-monat-monatliche-abschreibung","status":"publish","type":"product","link":"https:\/\/virtualofficeduiven.nl\/de\/produkt\/virtual-office-duiven-4995-pro-monat-monatliche-abschreibung\/","title":{"rendered":"Virtuelles B\u00fcro Duiven inkl. monatlicher Postbearbeitung 49,95 pro Monat."},"content":{"rendered":"<p>Anerkannte Registrierungsadresse der Handelskammer<\/p>\n<p>Monatliche Post an die angegebene Adresse senden\/versenden.<\/p>\n<p>Verwendung von Bildern f\u00fcr Ihre eigene Website<\/p>\n<p>Sie k\u00f6nnen Ihr Abonnement zum Ende des Zeitraums k\u00fcndigen.<\/p>\n<p>&nbsp;<\/p>\n","protected":false},"excerpt":{"rendered":"<p>Anerkannte Registrierungsadresse der Handelskammer Monatliche Post an die angegebene Adresse senden\/versenden. Verwendung von Bildern f\u00fcr Ihre eigene Website Sie k\u00f6nnen Ihr Abonnement zum Ende des Zeitraums k\u00fcndigen. &nbsp;<\/p>\n","protected":false},"featured_media":945,"template":"","meta":[],"product_brand":[],"product_cat":[96,92],"product_tag":[97,98],"class_list":{"0":"post-10596","1":"product","2":"type-product","3":"status-publish","4":"has-post-thumbnail","6":"product_cat-monatliche-abschreibung","7":"product_cat-starterpakete-fur-1-unternehmen","8":"product_tag-billige-handelskammer-adresse-kvk","9":"product_tag-virtuelles-buro","11":"first","12":"instock","13":"featured","14":"downloadable","15":"virtual","16":"taxable","17":"purchasable","18":"product-type-simple"},"yoast_head":"<!-- This site is optimized with the Yoast SEO plugin v27.3 - https:\/\/yoast.com\/product\/yoast-seo-wordpress\/ -->\n<title>Virtuelles B\u00fcro? Wir sind die billigsten in den Niederlanden!<\/title>\n<meta name=\"description\" content=\"Virtuelles B\u00fcro ben\u00f6tigt? - Eine anerkannte CoC-Registrierungsadresse in bester Lage! - Am billigsten in NL - Jetzt bestellen!\" \/>\n<meta name=\"robots\" content=\"index, follow, max-snippet:-1, max-image-preview:large, max-video-preview:-1\" \/>\n<link rel=\"canonical\" href=\"https:\/\/virtualofficeduiven.nl\/de\/produkt\/virtual-office-duiven-4995-pro-monat-monatliche-abschreibung\/\" \/>\n<meta property=\"og:locale\" content=\"de_DE\" \/>\n<meta property=\"og:type\" content=\"article\" \/>\n<meta property=\"og:title\" content=\"Virtuelles B\u00fcro? Wir sind die billigsten in den Niederlanden!\" \/>\n<meta property=\"og:description\" content=\"Virtuelles B\u00fcro ben\u00f6tigt? - Eine anerkannte CoC-Registrierungsadresse in bester Lage! - Am billigsten in NL - Jetzt bestellen!\" \/>\n<meta property=\"og:url\" content=\"https:\/\/virtualofficeduiven.nl\/de\/produkt\/virtual-office-duiven-4995-pro-monat-monatliche-abschreibung\/\" \/>\n<meta property=\"og:site_name\" content=\"Virtual Office Duiven\" \/>\n<meta property=\"article:modified_time\" content=\"2024-08-12T09:12:36+00:00\" \/>\n<meta name=\"twitter:card\" content=\"summary_large_image\" \/>\n<meta name=\"twitter:site\" content=\"@vo24NL\" \/>\n<meta name=\"twitter:label1\" content=\"Gesch\u00e4tzte Lesezeit\" \/>\n\t<meta name=\"twitter:data1\" content=\"1\u00a0Minute\" \/>\n<script type=\"application\/ld+json\" class=\"yoast-schema-graph\">{\"@context\":\"https:\\\/\\\/schema.org\",\"@graph\":[{\"@type\":\"WebPage\",\"@id\":\"https:\\\/\\\/virtualofficeduiven.nl\\\/de\\\/produkt\\\/virtual-office-duiven-4995-pro-monat-monatliche-abschreibung\\\/\",\"url\":\"https:\\\/\\\/virtualofficeduiven.nl\\\/de\\\/produkt\\\/virtual-office-duiven-4995-pro-monat-monatliche-abschreibung\\\/\",\"name\":\"Virtuelles B\u00fcro? Wir sind die billigsten in den Niederlanden!\",\"isPartOf\":{\"@id\":\"https:\\\/\\\/virtualofficeduiven.nl\\\/de\\\/#website\"},\"primaryImageOfPage\":{\"@id\":\"https:\\\/\\\/virtualofficeduiven.nl\\\/de\\\/produkt\\\/virtual-office-duiven-4995-pro-monat-monatliche-abschreibung\\\/#primaryimage\"},\"image\":{\"@id\":\"https:\\\/\\\/virtualofficeduiven.nl\\\/de\\\/produkt\\\/virtual-office-duiven-4995-pro-monat-monatliche-abschreibung\\\/#primaryimage\"},\"thumbnailUrl\":\"https:\\\/\\\/virtualofficeduiven.nl\\\/wp-content\\\/uploads\\\/2018\\\/07\\\/bureau-kwart.png\",\"datePublished\":\"2024-06-18T08:54:29+00:00\",\"dateModified\":\"2024-08-12T09:12:36+00:00\",\"description\":\"Virtuelles B\u00fcro ben\u00f6tigt? - Eine anerkannte CoC-Registrierungsadresse in bester Lage! - Am billigsten in NL - Jetzt bestellen!\",\"breadcrumb\":{\"@id\":\"https:\\\/\\\/virtualofficeduiven.nl\\\/de\\\/produkt\\\/virtual-office-duiven-4995-pro-monat-monatliche-abschreibung\\\/#breadcrumb\"},\"inLanguage\":\"de\",\"potentialAction\":[{\"@type\":\"ReadAction\",\"target\":[\"https:\\\/\\\/virtualofficeduiven.nl\\\/de\\\/produkt\\\/virtual-office-duiven-4995-pro-monat-monatliche-abschreibung\\\/\"]}]},{\"@type\":\"ImageObject\",\"inLanguage\":\"de\",\"@id\":\"https:\\\/\\\/virtualofficeduiven.nl\\\/de\\\/produkt\\\/virtual-office-duiven-4995-pro-monat-monatliche-abschreibung\\\/#primaryimage\",\"url\":\"https:\\\/\\\/virtualofficeduiven.nl\\\/wp-content\\\/uploads\\\/2018\\\/07\\\/bureau-kwart.png\",\"contentUrl\":\"https:\\\/\\\/virtualofficeduiven.nl\\\/wp-content\\\/uploads\\\/2018\\\/07\\\/bureau-kwart.png\",\"width\":800,\"height\":800},{\"@type\":\"BreadcrumbList\",\"@id\":\"https:\\\/\\\/virtualofficeduiven.nl\\\/de\\\/produkt\\\/virtual-office-duiven-4995-pro-monat-monatliche-abschreibung\\\/#breadcrumb\",\"itemListElement\":[{\"@type\":\"ListItem\",\"position\":1,\"name\":\"Home\",\"item\":\"https:\\\/\\\/virtualofficeduiven.nl\\\/de\\\/virtual-office-duiven\\\/\"},{\"@type\":\"ListItem\",\"position\":2,\"name\":\"Gesch\u00e4ft\",\"item\":\"https:\\\/\\\/virtualofficeduiven.nl\\\/de\\\/geschaeft\\\/\"},{\"@type\":\"ListItem\",\"position\":3,\"name\":\"Virtuelles B\u00fcro Duiven inkl. monatlicher Postbearbeitung 49,95 pro Monat.\"}]},{\"@type\":\"WebSite\",\"@id\":\"https:\\\/\\\/virtualofficeduiven.nl\\\/de\\\/#website\",\"url\":\"https:\\\/\\\/virtualofficeduiven.nl\\\/de\\\/\",\"name\":\"Virtual Office Duiven\",\"description\":\"Een erkend KvK inschrijfadres op een toplocatie in Nederland! Vanaf slechts \u20ac 49,95 per maand! Veel bedrijven gingen u al voor!\",\"publisher\":{\"@id\":\"https:\\\/\\\/virtualofficeduiven.nl\\\/de\\\/#organization\"},\"potentialAction\":[{\"@type\":\"SearchAction\",\"target\":{\"@type\":\"EntryPoint\",\"urlTemplate\":\"https:\\\/\\\/virtualofficeduiven.nl\\\/de\\\/?s={search_term_string}\"},\"query-input\":{\"@type\":\"PropertyValueSpecification\",\"valueRequired\":true,\"valueName\":\"search_term_string\"}}],\"inLanguage\":\"de\"},{\"@type\":\"Organization\",\"@id\":\"https:\\\/\\\/virtualofficeduiven.nl\\\/de\\\/#organization\",\"name\":\"virtualkantoor24\",\"url\":\"https:\\\/\\\/virtualofficeduiven.nl\\\/de\\\/\",\"logo\":{\"@type\":\"ImageObject\",\"inLanguage\":\"de\",\"@id\":\"https:\\\/\\\/virtualofficeduiven.nl\\\/de\\\/#\\\/schema\\\/logo\\\/image\\\/\",\"url\":\"https:\\\/\\\/virtualofficeduiven.nl\\\/wp-content\\\/uploads\\\/2018\\\/10\\\/Logo-vk24-500.png\",\"contentUrl\":\"https:\\\/\\\/virtualofficeduiven.nl\\\/wp-content\\\/uploads\\\/2018\\\/10\\\/Logo-vk24-500.png\",\"width\":1400,\"height\":500,\"caption\":\"virtualkantoor24\"},\"image\":{\"@id\":\"https:\\\/\\\/virtualofficeduiven.nl\\\/de\\\/#\\\/schema\\\/logo\\\/image\\\/\"},\"sameAs\":[\"https:\\\/\\\/x.com\\\/vo24NL\",\"https:\\\/\\\/www.linkedin.com\\\/company\\\/10783740\"]}]}<\/script>\n<!-- \/ Yoast SEO plugin. -->","yoast_head_json":{"title":"Virtuelles B\u00fcro? Wir sind die billigsten in den Niederlanden!","description":"Virtuelles B\u00fcro ben\u00f6tigt? - Eine anerkannte CoC-Registrierungsadresse in bester Lage! - Am billigsten in NL - Jetzt bestellen!","robots":{"index":"index","follow":"follow","max-snippet":"max-snippet:-1","max-image-preview":"max-image-preview:large","max-video-preview":"max-video-preview:-1"},"canonical":"https:\/\/virtualofficeduiven.nl\/de\/produkt\/virtual-office-duiven-4995-pro-monat-monatliche-abschreibung\/","og_locale":"de_DE","og_type":"article","og_title":"Virtuelles B\u00fcro? Wir sind die billigsten in den Niederlanden!","og_description":"Virtuelles B\u00fcro ben\u00f6tigt? - Eine anerkannte CoC-Registrierungsadresse in bester Lage! - Am billigsten in NL - Jetzt bestellen!","og_url":"https:\/\/virtualofficeduiven.nl\/de\/produkt\/virtual-office-duiven-4995-pro-monat-monatliche-abschreibung\/","og_site_name":"Virtual Office Duiven","article_modified_time":"2024-08-12T09:12:36+00:00","twitter_card":"summary_large_image","twitter_site":"@vo24NL","twitter_misc":{"Gesch\u00e4tzte Lesezeit":"1\u00a0Minute"},"schema":{"@context":"https:\/\/schema.org","@graph":[{"@type":"WebPage","@id":"https:\/\/virtualofficeduiven.nl\/de\/produkt\/virtual-office-duiven-4995-pro-monat-monatliche-abschreibung\/","url":"https:\/\/virtualofficeduiven.nl\/de\/produkt\/virtual-office-duiven-4995-pro-monat-monatliche-abschreibung\/","name":"Virtuelles B\u00fcro? Wir sind die billigsten in den Niederlanden!","isPartOf":{"@id":"https:\/\/virtualofficeduiven.nl\/de\/#website"},"primaryImageOfPage":{"@id":"https:\/\/virtualofficeduiven.nl\/de\/produkt\/virtual-office-duiven-4995-pro-monat-monatliche-abschreibung\/#primaryimage"},"image":{"@id":"https:\/\/virtualofficeduiven.nl\/de\/produkt\/virtual-office-duiven-4995-pro-monat-monatliche-abschreibung\/#primaryimage"},"thumbnailUrl":"https:\/\/virtualofficeduiven.nl\/wp-content\/uploads\/2018\/07\/bureau-kwart.png","datePublished":"2024-06-18T08:54:29+00:00","dateModified":"2024-08-12T09:12:36+00:00","description":"Virtuelles B\u00fcro ben\u00f6tigt? - Eine anerkannte CoC-Registrierungsadresse in bester Lage! - Am billigsten in NL - Jetzt bestellen!","breadcrumb":{"@id":"https:\/\/virtualofficeduiven.nl\/de\/produkt\/virtual-office-duiven-4995-pro-monat-monatliche-abschreibung\/#breadcrumb"},"inLanguage":"de","potentialAction":[{"@type":"ReadAction","target":["https:\/\/virtualofficeduiven.nl\/de\/produkt\/virtual-office-duiven-4995-pro-monat-monatliche-abschreibung\/"]}]},{"@type":"ImageObject","inLanguage":"de","@id":"https:\/\/virtualofficeduiven.nl\/de\/produkt\/virtual-office-duiven-4995-pro-monat-monatliche-abschreibung\/#primaryimage","url":"https:\/\/virtualofficeduiven.nl\/wp-content\/uploads\/2018\/07\/bureau-kwart.png","contentUrl":"https:\/\/virtualofficeduiven.nl\/wp-content\/uploads\/2018\/07\/bureau-kwart.png","width":800,"height":800},{"@type":"BreadcrumbList","@id":"https:\/\/virtualofficeduiven.nl\/de\/produkt\/virtual-office-duiven-4995-pro-monat-monatliche-abschreibung\/#breadcrumb","itemListElement":[{"@type":"ListItem","position":1,"name":"Home","item":"https:\/\/virtualofficeduiven.nl\/de\/virtual-office-duiven\/"},{"@type":"ListItem","position":2,"name":"Gesch\u00e4ft","item":"https:\/\/virtualofficeduiven.nl\/de\/geschaeft\/"},{"@type":"ListItem","position":3,"name":"Virtuelles B\u00fcro Duiven inkl. monatlicher Postbearbeitung 49,95 pro Monat."}]},{"@type":"WebSite","@id":"https:\/\/virtualofficeduiven.nl\/de\/#website","url":"https:\/\/virtualofficeduiven.nl\/de\/","name":"Virtual Office Duiven","description":"Een erkend KvK inschrijfadres op een toplocatie in Nederland! Vanaf slechts \u20ac 49,95 per maand! Veel bedrijven gingen u al voor!","publisher":{"@id":"https:\/\/virtualofficeduiven.nl\/de\/#organization"},"potentialAction":[{"@type":"SearchAction","target":{"@type":"EntryPoint","urlTemplate":"https:\/\/virtualofficeduiven.nl\/de\/?s={search_term_string}"},"query-input":{"@type":"PropertyValueSpecification","valueRequired":true,"valueName":"search_term_string"}}],"inLanguage":"de"},{"@type":"Organization","@id":"https:\/\/virtualofficeduiven.nl\/de\/#organization","name":"virtualkantoor24","url":"https:\/\/virtualofficeduiven.nl\/de\/","logo":{"@type":"ImageObject","inLanguage":"de","@id":"https:\/\/virtualofficeduiven.nl\/de\/#\/schema\/logo\/image\/","url":"https:\/\/virtualofficeduiven.nl\/wp-content\/uploads\/2018\/10\/Logo-vk24-500.png","contentUrl":"https:\/\/virtualofficeduiven.nl\/wp-content\/uploads\/2018\/10\/Logo-vk24-500.png","width":1400,"height":500,"caption":"virtualkantoor24"},"image":{"@id":"https:\/\/virtualofficeduiven.nl\/de\/#\/schema\/logo\/image\/"},"sameAs":["https:\/\/x.com\/vo24NL","https:\/\/www.linkedin.com\/company\/10783740"]}]}},"jetpack_sharing_enabled":true,"_links":{"self":[{"href":"https:\/\/virtualofficeduiven.nl\/de\/wp-json\/wp\/v2\/product\/10596","targetHints":{"allow":["GET"]}}],"collection":[{"href":"https:\/\/virtualofficeduiven.nl\/de\/wp-json\/wp\/v2\/product"}],"about":[{"href":"https:\/\/virtualofficeduiven.nl\/de\/wp-json\/wp\/v2\/types\/product"}],"wp:featuredmedia":[{"embeddable":true,"href":"https:\/\/virtualofficeduiven.nl\/de\/wp-json\/wp\/v2\/media\/945"}],"wp:attachment":[{"href":"https:\/\/virtualofficeduiven.nl\/de\/wp-json\/wp\/v2\/media?parent=10596"}],"wp:term":[{"taxonomy":"product_brand","embeddable":true,"href":"https:\/\/virtualofficeduiven.nl\/de\/wp-json\/wp\/v2\/product_brand?post=10596"},{"taxonomy":"product_cat","embeddable":true,"href":"https:\/\/virtualofficeduiven.nl\/de\/wp-json\/wp\/v2\/product_cat?post=10596"},{"taxonomy":"product_tag","embeddable":true,"href":"https:\/\/virtualofficeduiven.nl\/de\/wp-json\/wp\/v2\/product_tag?post=10596"}],"curies":[{"name":"wp","href":"https:\/\/api.w.org\/{rel}","templated":true}]}}