{"id":10626,"date":"2024-06-18T12:37:12","date_gmt":"2024-06-18T10:37:12","guid":{"rendered":"https:\/\/virtualofficeduiven.nl\/erklaerung-zum-datenschutz\/"},"modified":"2024-06-20T12:28:55","modified_gmt":"2024-06-20T10:28:55","slug":"erklaerung-zum-datenschutz","status":"publish","type":"page","link":"https:\/\/virtualofficeduiven.nl\/de\/erklaerung-zum-datenschutz\/","title":{"rendered":"Erkl\u00e4rung zum Datenschutz"},"content":{"rendered":"<div id='av_section_1'  class='avia-section av-5pqkmn-4ecef41153ed04675eda69b2ee8eabb2 main_color avia-section-default avia-no-border-styling  avia-builder-el-0  avia-builder-el-no-sibling  avia-bg-style-scroll container_wrap fullsize'  ><div class='container av-section-cont-open' ><main  role=\"main\" itemprop=\"mainContentOfPage\"  class='template-page content  av-content-full alpha units'><div class='post-entry post-entry-type-page post-entry-10626'><div class='entry-content-wrapper clearfix'>\n\n<style type=\"text\/css\" data-created_by=\"avia_inline_auto\" id=\"style-css-av-3wc3tr-7184f059733f3f12118c6e0773f8f0df\">\n.flex_column.av-3wc3tr-7184f059733f3f12118c6e0773f8f0df{\nborder-radius:0px 0px 0px 0px;\npadding:0px 0px 0px 0px;\n}\n<\/style>\n<div  class='flex_column av-3wc3tr-7184f059733f3f12118c6e0773f8f0df av_one_third  avia-builder-el-1  el_before_av_two_third  avia-builder-el-first  first flex_column_div av-zero-column-padding  '     ><style type=\"text\/css\" data-created_by=\"avia_inline_auto\" id=\"style-css-av-273o9b-fb343482e6281f805e8350ad023d354b\">\n#top .av-special-heading.av-273o9b-fb343482e6281f805e8350ad023d354b{\npadding-bottom:10px;\n}\nbody .av-special-heading.av-273o9b-fb343482e6281f805e8350ad023d354b .av-special-heading-tag .heading-char{\nfont-size:25px;\n}\n.av-special-heading.av-273o9b-fb343482e6281f805e8350ad023d354b .av-subheading{\nfont-size:15px;\n}\n<\/style>\n<div  class='av-special-heading av-273o9b-fb343482e6281f805e8350ad023d354b av-special-heading-h3 blockquote modern-quote  avia-builder-el-2  avia-builder-el-no-sibling '><h3 class='av-special-heading-tag '  itemprop=\"headline\"  >Erkl\u00e4rung zum Datenschutz<\/h3><div class=\"special-heading-border\"><div class=\"special-heading-inner-border\"><\/div><\/div><\/div><\/div>\n<style type=\"text\/css\" data-created_by=\"avia_inline_auto\" id=\"style-css-av-2fmtcv-4be5e65b19f2d7c83550b21dae28e6b8\">\n.flex_column.av-2fmtcv-4be5e65b19f2d7c83550b21dae28e6b8{\nborder-radius:0px 0px 0px 0px;\npadding:0px 0px 0px 0px;\n}\n<\/style>\n<div  class='flex_column av-2fmtcv-4be5e65b19f2d7c83550b21dae28e6b8 av_two_third  avia-builder-el-3  el_after_av_one_third  avia-builder-el-last  flex_column_div av-zero-column-padding  '     ><section  class='av_textblock_section av-jneku4xl-2ec4de372a8f707e91ad660b835a9226 '   itemscope=\"itemscope\" itemtype=\"https:\/\/schema.org\/CreativeWork\" ><div class='avia_textblock'  itemprop=\"text\" ><p>Dies ist die Datenschutzerkl\u00e4rung von Virtual Office 24, Virtual Office Almere und Virtual Office 24. In dieser Erkl\u00e4rung legen wir dar, wie wir mit den personenbezogenen Daten umgehen, die wir bei unserem Kontakt mit Ihnen \u00fcber diese Website erhalten. Virtual Office 24, Virtual Office Almere und Virtual Office 24 halten die Bestimmungen des AVG (<a href=\"https:\/\/autoriteitpersoonsgegevens.nl\/nl\/over-privacy\/wetten\">Allgemeine Datenschutzverordnung<\/a>) ein.<\/p>\n<p><strong>Erfasste personenbezogene Daten<\/strong><\/p>\n<p>Wir tun unser M\u00f6glichstes, um Ihre Daten zu sch\u00fctzen. Wir ben\u00f6tigen personenbezogene Daten, um unsere Dienstleistungen f\u00fcr Sie zu gew\u00e4hrleisten. Virtual Office 24, Virtual Office Almere und Virtual Kantoor 24 verarbeiten diese personenbezogenen Daten, weil Sie unsere Dienste in Anspruch nehmen und\/oder weil Sie sie uns selbst zur Verf\u00fcgung stellen. Virtual Office 24, Virtual Office Almere und Virtual Kantoor 24 verarbeiten Daten f\u00fcr die folgenden Zwecke:  <\/p>\n<ul>\n<li>Versenden unserer Newsletter;<\/li>\n<li>Bearbeitung Ihrer Auftr\u00e4ge und Unterrichtung \u00fcber den Stand der Bearbeitung;<\/li>\n<li>Durchf\u00fchrung von Ma\u00dfnahmen zur Verbesserung unserer Dienstleistungen und Bereitstellung von Informationen oder Angeboten.<\/li>\n<\/ul>\n<p><strong>Minderj\u00e4hrige<\/strong><\/p>\n<p>Virtual Office 24, Virtual Office Almere und Virtual Office 24 haben nicht die Absicht, Daten von Personen unter 18 Jahren zu sammeln. Wir bieten daher auch keine Dienstleistungen f\u00fcr Minderj\u00e4hrige an. Wir ermutigen die Eltern, sich an den Online-Aktivit\u00e4ten ihrer Kinder zu beteiligen, um zu vermeiden, dass Daten \u00fcber Kinder ohne elterliche Zustimmung gesammelt werden. Wenn Sie davon \u00fcberzeugt sind, dass wir personenbezogene Daten \u00fcber einen Minderj\u00e4hrigen ohne eine solche Zustimmung gesammelt haben, kontaktieren Sie uns bitte. Wir werden diese Informationen dann l\u00f6schen.    <\/p>\n<p><strong>Sicherheit<\/strong><\/p>\n<p>Bei der \u00dcbertragung von Daten verwenden wir das sogenannte SSL-Sicherheitssystem (Secure Socket Layer) in Verbindung mit einer 128\/256-Bit-Verschl\u00fcsselung. Diese Technologie bietet die h\u00f6chste Sicherheitsstufe und wird daher z.B. auch von Banken zur Datensicherheit beim Online-Banking eingesetzt. Alle von uns angebotenen Zahlungsarten sind durch den oben genannten Standard umfassend abgesichert. Die verschl\u00fcsselte \u00dcbertragung Ihrer Daten wird durch das Symbol eines Schl\u00fcssels oder geschlossenen Schlosses in der Statusleiste Ihres Browsers angezeigt.   <\/p>\n<p><strong>Daten zum Besuch der Website<\/strong><\/p>\n<p>Wir erhalten Daten aufgrund Ihres Besuchs auf unserer Website. Beispiele hierf\u00fcr sind Cookies. Wir verwenden diese Daten, um uns ein besseres Bild von unseren Kunden zu machen und um unsere Website weiterzuentwickeln und an Ihre pers\u00f6nlichen Vorlieben anzupassen. Auf der Website verwenden wir Google Analytics, um zu analysieren, wie die Website funktioniert, und um den Ertrag von Verkehrsquellen zu messen. Google kann diese Informationen an Dritte weitergeben, wenn Google dazu gesetzlich verpflichtet ist oder soweit Dritte die Informationen im Auftrag von Google verarbeiten. Hierauf haben wir keinen Einfluss. Wir haben Google nicht gestattet, die gewonnenen Analytics-Informationen f\u00fcr andere Google-Dienste zu nutzen. Die von Google gesammelten Informationen werden so weit wie m\u00f6glich anonymisiert. Ihre IP-Adresse wird ausdr\u00fccklich nicht erfasst.  <\/p>\n<p><strong>Cookies<\/strong><\/p>\n<p>Wir verwenden einige Cookies auf dieser Website.<\/p>\n<p><strong>Option f\u00fcr soziale Netzwerke<\/strong><\/p>\n<p>Unsere Website enth\u00e4lt Schaltfl\u00e4chen zum Bewerben (&#8222;Gef\u00e4llt mir&#8220;) oder Teilen (&#8222;Tweeten&#8220;) von Webseiten in sozialen Netzwerken wie Facebook, Twitter, Google+ und LinkedIn. Diese Schaltfl\u00e4chen funktionieren mit Hilfe von Code, der von Facebook und Twitter bzw. LinkedIn stammt. Mit Hilfe dieses Codes werden Cookies gesetzt. Wir haben hierauf keinen Einfluss. Lesen Sie die Datenschutzerkl\u00e4rungen von Facebook, Twitter, Google und LinkedIn (die sich regelm\u00e4\u00dfig \u00e4ndern k\u00f6nnen), um zu erfahren, was sie mit Ihren (personenbezogenen) Daten machen, die sie \u00fcber diese Cookies verarbeiten.    <\/p>\n<p><strong>Newsletter<\/strong><\/p>\n<p>In regelm\u00e4\u00dfigen Abst\u00e4nden versenden wir einen digitalen Newsletter per E-Mail an unsere Besucher und an Interessierte. Wir senden diesen Newsletter nur an Personen, die angegeben haben, dass sie ihn erhalten m\u00f6chten. In jedem Newsletter befindet sich ein Abmeldelink, \u00fcber den der Empf\u00e4nger den Newsletter direkt abbestellen kann. Wir verwenden die Abonnentendatei nur f\u00fcr den Versand des Mailings.   <\/p>\n<p><strong>Aufbewahrungsfrist und Kontrolle der Daten<\/strong><\/p>\n<p>Wenn Sie Ihren Dienst bei uns beenden, werden wir einige Daten im Rahmen der gesetzlichen Aufbewahrungsfrist aufbewahren. Wir l\u00f6schen Daten, die nicht mehr ben\u00f6tigt werden. Nach Ablauf der gesetzlichen Aufbewahrungsfrist vernichten wir alle Daten. Sie haben das Recht, auf die Daten zuzugreifen, die wir \u00fcber Sie gespeichert haben, nachdem Sie Ihren Dienst bei uns beendet haben. Sie k\u00f6nnen unter info@virtualoffice24.nl Einsicht, Berichtigung oder L\u00f6schung beantragen. Um sicherzustellen, dass der Antrag auf Einsichtnahme von Ihnen gestellt wird, bitten wir Sie, dem Antrag eine Kopie Ihres Identit\u00e4tsnachweises beizuf\u00fcgen. Wir bitten Sie, auf dieser Kopie Ihr Passfoto und Ihre B\u00fcrgerdienstnummer (BSN) zu schw\u00e4rzen. Dies dient dem Schutz Ihrer Privatsph\u00e4re. Virtual Office 24 und Virtual Office 24 werden Ihren Antrag so schnell wie m\u00f6glich, jedoch innerhalb von vier Wochen, beantworten.  <\/p>\n<p><strong>Mit anderen teilen<\/strong><\/p>\n<p>Virtual Office 24, Virtual Office Almere und Virtual Office 24 geben Daten nur und ausschlie\u00dflich an Dritte weiter, wenn dies f\u00fcr die Erf\u00fcllung des Vertrages mit Ihnen oder zur Erf\u00fcllung einer gesetzlichen Verpflichtung erforderlich ist.<\/p>\n<p><strong>Daten einsehen und \u00e4ndern<\/strong><\/p>\n<p>Sie haben das Recht, Zugang zu Ihren Daten und deren Berichtigung oder L\u00f6schung zu verlangen. Unsere Kontaktdaten finden Sie auf unserer Kontaktseite. Um Missbrauch vorzubeugen, k\u00f6nnen wir Sie um eine angemessene Identifizierung bitten. Wenn es um den Zugriff auf personenbezogene Daten geht, die mit einem Cookie verkn\u00fcpft sind, sollten Sie eine Kopie des betreffenden Cookies senden. Dies k\u00f6nnen Sie in den Einstellungen Ihres Browsers nachlesen.    <\/p>\n<p><strong>\u00c4nderungen<\/strong><\/p>\n<p>Dieser Datenschutzhinweis kann ge\u00e4ndert werden. Alle \u00c4nderungen werden auf dieser Seite bekannt gegeben.<\/p>\n<\/div><\/section><\/div>\n","protected":false},"excerpt":{"rendered":"","protected":false},"author":354,"featured_media":0,"parent":0,"menu_order":0,"comment_status":"closed","ping_status":"closed","template":"","meta":{"footnotes":""},"class_list":["post-10626","page","type-page","status-publish","hentry"],"yoast_head":"<!-- This site is optimized with the Yoast SEO plugin v27.3 - https:\/\/yoast.com\/product\/yoast-seo-wordpress\/ -->\n<title>Erkl\u00e4rung zum Datenschutz - welche Daten wir speichern - Virtual Office Duiven<\/title>\n<meta name=\"description\" content=\"Datenschutzerkl\u00e4rung f\u00fcr Virtual Office. Dazu geh\u00f6rt auch, welche Daten wir von Ihnen als Kunden erfassen und wie wir sie behandeln.\" \/>\n<meta name=\"robots\" content=\"index, follow, max-snippet:-1, max-image-preview:large, max-video-preview:-1\" \/>\n<link rel=\"canonical\" href=\"https:\/\/virtualofficeduiven.nl\/de\/erklaerung-zum-datenschutz\/\" \/>\n<meta property=\"og:locale\" content=\"de_DE\" \/>\n<meta property=\"og:type\" content=\"article\" \/>\n<meta property=\"og:title\" content=\"Erkl\u00e4rung zum Datenschutz - welche Daten wir speichern - Virtual Office Duiven\" \/>\n<meta property=\"og:description\" content=\"Datenschutzerkl\u00e4rung f\u00fcr Virtual Office. Dazu geh\u00f6rt auch, welche Daten wir von Ihnen als Kunden erfassen und wie wir sie behandeln.\" \/>\n<meta property=\"og:url\" content=\"https:\/\/virtualofficeduiven.nl\/de\/erklaerung-zum-datenschutz\/\" \/>\n<meta property=\"og:site_name\" content=\"Virtual Office Duiven\" \/>\n<meta property=\"article:modified_time\" content=\"2024-06-20T10:28:55+00:00\" \/>\n<meta name=\"twitter:card\" content=\"summary_large_image\" \/>\n<meta name=\"twitter:site\" content=\"@vo24NL\" \/>\n<meta name=\"twitter:label1\" content=\"Gesch\u00e4tzte Lesezeit\" \/>\n\t<meta name=\"twitter:data1\" content=\"6\u00a0Minuten\" \/>\n<script type=\"application\/ld+json\" class=\"yoast-schema-graph\">{\"@context\":\"https:\\\/\\\/schema.org\",\"@graph\":[{\"@type\":\"WebPage\",\"@id\":\"https:\\\/\\\/virtualofficeduiven.nl\\\/de\\\/erklaerung-zum-datenschutz\\\/\",\"url\":\"https:\\\/\\\/virtualofficeduiven.nl\\\/de\\\/erklaerung-zum-datenschutz\\\/\",\"name\":\"Erkl\u00e4rung zum Datenschutz - welche Daten wir speichern - Virtual Office Duiven\",\"isPartOf\":{\"@id\":\"https:\\\/\\\/virtualofficeduiven.nl\\\/de\\\/#website\"},\"datePublished\":\"2024-06-18T10:37:12+00:00\",\"dateModified\":\"2024-06-20T10:28:55+00:00\",\"description\":\"Datenschutzerkl\u00e4rung f\u00fcr Virtual Office. Dazu geh\u00f6rt auch, welche Daten wir von Ihnen als Kunden erfassen und wie wir sie behandeln.\",\"breadcrumb\":{\"@id\":\"https:\\\/\\\/virtualofficeduiven.nl\\\/de\\\/erklaerung-zum-datenschutz\\\/#breadcrumb\"},\"inLanguage\":\"de\",\"potentialAction\":[{\"@type\":\"ReadAction\",\"target\":[\"https:\\\/\\\/virtualofficeduiven.nl\\\/de\\\/erklaerung-zum-datenschutz\\\/\"]}]},{\"@type\":\"BreadcrumbList\",\"@id\":\"https:\\\/\\\/virtualofficeduiven.nl\\\/de\\\/erklaerung-zum-datenschutz\\\/#breadcrumb\",\"itemListElement\":[{\"@type\":\"ListItem\",\"position\":1,\"name\":\"Home\",\"item\":\"https:\\\/\\\/virtualofficeduiven.nl\\\/de\\\/virtual-office-duiven\\\/\"},{\"@type\":\"ListItem\",\"position\":2,\"name\":\"Erkl\u00e4rung zum Datenschutz\"}]},{\"@type\":\"WebSite\",\"@id\":\"https:\\\/\\\/virtualofficeduiven.nl\\\/de\\\/#website\",\"url\":\"https:\\\/\\\/virtualofficeduiven.nl\\\/de\\\/\",\"name\":\"Virtual Office Duiven\",\"description\":\"Een erkend KvK inschrijfadres op een toplocatie in Nederland! Vanaf slechts \u20ac 49,95 per maand! Veel bedrijven gingen u al voor!\",\"publisher\":{\"@id\":\"https:\\\/\\\/virtualofficeduiven.nl\\\/de\\\/#organization\"},\"potentialAction\":[{\"@type\":\"SearchAction\",\"target\":{\"@type\":\"EntryPoint\",\"urlTemplate\":\"https:\\\/\\\/virtualofficeduiven.nl\\\/de\\\/?s={search_term_string}\"},\"query-input\":{\"@type\":\"PropertyValueSpecification\",\"valueRequired\":true,\"valueName\":\"search_term_string\"}}],\"inLanguage\":\"de\"},{\"@type\":\"Organization\",\"@id\":\"https:\\\/\\\/virtualofficeduiven.nl\\\/de\\\/#organization\",\"name\":\"virtualkantoor24\",\"url\":\"https:\\\/\\\/virtualofficeduiven.nl\\\/de\\\/\",\"logo\":{\"@type\":\"ImageObject\",\"inLanguage\":\"de\",\"@id\":\"https:\\\/\\\/virtualofficeduiven.nl\\\/de\\\/#\\\/schema\\\/logo\\\/image\\\/\",\"url\":\"https:\\\/\\\/virtualofficeduiven.nl\\\/wp-content\\\/uploads\\\/2018\\\/10\\\/Logo-vk24-500.png\",\"contentUrl\":\"https:\\\/\\\/virtualofficeduiven.nl\\\/wp-content\\\/uploads\\\/2018\\\/10\\\/Logo-vk24-500.png\",\"width\":1400,\"height\":500,\"caption\":\"virtualkantoor24\"},\"image\":{\"@id\":\"https:\\\/\\\/virtualofficeduiven.nl\\\/de\\\/#\\\/schema\\\/logo\\\/image\\\/\"},\"sameAs\":[\"https:\\\/\\\/x.com\\\/vo24NL\",\"https:\\\/\\\/www.linkedin.com\\\/company\\\/10783740\"]}]}<\/script>\n<!-- \/ Yoast SEO plugin. -->","yoast_head_json":{"title":"Erkl\u00e4rung zum Datenschutz - welche Daten wir speichern - Virtual Office Duiven","description":"Datenschutzerkl\u00e4rung f\u00fcr Virtual Office. Dazu geh\u00f6rt auch, welche Daten wir von Ihnen als Kunden erfassen und wie wir sie behandeln.","robots":{"index":"index","follow":"follow","max-snippet":"max-snippet:-1","max-image-preview":"max-image-preview:large","max-video-preview":"max-video-preview:-1"},"canonical":"https:\/\/virtualofficeduiven.nl\/de\/erklaerung-zum-datenschutz\/","og_locale":"de_DE","og_type":"article","og_title":"Erkl\u00e4rung zum Datenschutz - welche Daten wir speichern - Virtual Office Duiven","og_description":"Datenschutzerkl\u00e4rung f\u00fcr Virtual Office. Dazu geh\u00f6rt auch, welche Daten wir von Ihnen als Kunden erfassen und wie wir sie behandeln.","og_url":"https:\/\/virtualofficeduiven.nl\/de\/erklaerung-zum-datenschutz\/","og_site_name":"Virtual Office Duiven","article_modified_time":"2024-06-20T10:28:55+00:00","twitter_card":"summary_large_image","twitter_site":"@vo24NL","twitter_misc":{"Gesch\u00e4tzte Lesezeit":"6\u00a0Minuten"},"schema":{"@context":"https:\/\/schema.org","@graph":[{"@type":"WebPage","@id":"https:\/\/virtualofficeduiven.nl\/de\/erklaerung-zum-datenschutz\/","url":"https:\/\/virtualofficeduiven.nl\/de\/erklaerung-zum-datenschutz\/","name":"Erkl\u00e4rung zum Datenschutz - welche Daten wir speichern - Virtual Office Duiven","isPartOf":{"@id":"https:\/\/virtualofficeduiven.nl\/de\/#website"},"datePublished":"2024-06-18T10:37:12+00:00","dateModified":"2024-06-20T10:28:55+00:00","description":"Datenschutzerkl\u00e4rung f\u00fcr Virtual Office. Dazu geh\u00f6rt auch, welche Daten wir von Ihnen als Kunden erfassen und wie wir sie behandeln.","breadcrumb":{"@id":"https:\/\/virtualofficeduiven.nl\/de\/erklaerung-zum-datenschutz\/#breadcrumb"},"inLanguage":"de","potentialAction":[{"@type":"ReadAction","target":["https:\/\/virtualofficeduiven.nl\/de\/erklaerung-zum-datenschutz\/"]}]},{"@type":"BreadcrumbList","@id":"https:\/\/virtualofficeduiven.nl\/de\/erklaerung-zum-datenschutz\/#breadcrumb","itemListElement":[{"@type":"ListItem","position":1,"name":"Home","item":"https:\/\/virtualofficeduiven.nl\/de\/virtual-office-duiven\/"},{"@type":"ListItem","position":2,"name":"Erkl\u00e4rung zum Datenschutz"}]},{"@type":"WebSite","@id":"https:\/\/virtualofficeduiven.nl\/de\/#website","url":"https:\/\/virtualofficeduiven.nl\/de\/","name":"Virtual Office Duiven","description":"Een erkend KvK inschrijfadres op een toplocatie in Nederland! Vanaf slechts \u20ac 49,95 per maand! Veel bedrijven gingen u al voor!","publisher":{"@id":"https:\/\/virtualofficeduiven.nl\/de\/#organization"},"potentialAction":[{"@type":"SearchAction","target":{"@type":"EntryPoint","urlTemplate":"https:\/\/virtualofficeduiven.nl\/de\/?s={search_term_string}"},"query-input":{"@type":"PropertyValueSpecification","valueRequired":true,"valueName":"search_term_string"}}],"inLanguage":"de"},{"@type":"Organization","@id":"https:\/\/virtualofficeduiven.nl\/de\/#organization","name":"virtualkantoor24","url":"https:\/\/virtualofficeduiven.nl\/de\/","logo":{"@type":"ImageObject","inLanguage":"de","@id":"https:\/\/virtualofficeduiven.nl\/de\/#\/schema\/logo\/image\/","url":"https:\/\/virtualofficeduiven.nl\/wp-content\/uploads\/2018\/10\/Logo-vk24-500.png","contentUrl":"https:\/\/virtualofficeduiven.nl\/wp-content\/uploads\/2018\/10\/Logo-vk24-500.png","width":1400,"height":500,"caption":"virtualkantoor24"},"image":{"@id":"https:\/\/virtualofficeduiven.nl\/de\/#\/schema\/logo\/image\/"},"sameAs":["https:\/\/x.com\/vo24NL","https:\/\/www.linkedin.com\/company\/10783740"]}]}},"jetpack_sharing_enabled":true,"_links":{"self":[{"href":"https:\/\/virtualofficeduiven.nl\/de\/wp-json\/wp\/v2\/pages\/10626","targetHints":{"allow":["GET"]}}],"collection":[{"href":"https:\/\/virtualofficeduiven.nl\/de\/wp-json\/wp\/v2\/pages"}],"about":[{"href":"https:\/\/virtualofficeduiven.nl\/de\/wp-json\/wp\/v2\/types\/page"}],"author":[{"embeddable":true,"href":"https:\/\/virtualofficeduiven.nl\/de\/wp-json\/wp\/v2\/users\/354"}],"replies":[{"embeddable":true,"href":"https:\/\/virtualofficeduiven.nl\/de\/wp-json\/wp\/v2\/comments?post=10626"}],"version-history":[{"count":3,"href":"https:\/\/virtualofficeduiven.nl\/de\/wp-json\/wp\/v2\/pages\/10626\/revisions"}],"predecessor-version":[{"id":10644,"href":"https:\/\/virtualofficeduiven.nl\/de\/wp-json\/wp\/v2\/pages\/10626\/revisions\/10644"}],"wp:attachment":[{"href":"https:\/\/virtualofficeduiven.nl\/de\/wp-json\/wp\/v2\/media?parent=10626"}],"curies":[{"name":"wp","href":"https:\/\/api.w.org\/{rel}","templated":true}]}}