{"id":10610,"date":"2024-06-18T11:37:32","date_gmt":"2024-06-18T09:37:32","guid":{"rendered":"https:\/\/virtualofficeduiven.nl\/schreiben-sie-ihre-eigene-bewertung\/"},"modified":"2024-06-18T11:37:32","modified_gmt":"2024-06-18T09:37:32","slug":"schreiben-sie-ihre-eigene-bewertung","status":"publish","type":"page","link":"https:\/\/virtualofficeduiven.nl\/de\/schreiben-sie-ihre-eigene-bewertung\/","title":{"rendered":"Schreiben Sie Ihre eigene Bewertung"},"content":{"rendered":"\n<style type=\"text\/css\" data-created_by=\"avia_inline_auto\" id=\"style-css-av-lpcrkf0l-49a733cd53a2dece551f112fafdeb3fb\">\n.avia-section.av-lpcrkf0l-49a733cd53a2dece551f112fafdeb3fb{\nbackground-repeat:no-repeat;\nbackground-image:url(https:\/\/virtualofficeduiven.nl\/wp-content\/uploads\/2023\/11\/VO-Duiven-cutout-Retoucheerd.webp);\nbackground-position:50% 0%;\nbackground-attachment:scroll;\n}\n<\/style>\n<div id='av_section_1'  class='avia-section av-lpcrkf0l-49a733cd53a2dece551f112fafdeb3fb main_color avia-section-default avia-no-border-styling  avia-builder-el-0  el_before_av_one_half  avia-builder-el-first  avia-bg-style-scroll av-minimum-height av-minimum-height-50 av-height-50  container_wrap fullsize'  data-section-bg-repeat='no-repeat' data-av_minimum_height_pc='50' data-av_min_height_opt='50'><div class='container av-section-cont-open' ><main  role=\"main\" itemprop=\"mainContentOfPage\"  class='template-page content  av-content-full alpha units'><div class='post-entry post-entry-type-page post-entry-10610'><div class='entry-content-wrapper clearfix'><\/div><\/div><\/main><!-- close content main element --><\/div><\/div><div id='after_section_1'  class='main_color av_default_container_wrap container_wrap fullsize'  ><div class='container av-section-cont-open' ><div class='template-page content  av-content-full alpha units'><div class='post-entry post-entry-type-page post-entry-10610'><div class='entry-content-wrapper clearfix'>\n\n<style type=\"text\/css\" data-created_by=\"avia_inline_auto\" id=\"style-css-av-3ij29q-ba279187bb5ea0d39fed24df00ecb97f\">\n.flex_column.av-3ij29q-ba279187bb5ea0d39fed24df00ecb97f{\nborder-radius:0px 0px 0px 0px;\npadding:0px 0px 0px 0px;\n}\n<\/style>\n<div  class='flex_column av-3ij29q-ba279187bb5ea0d39fed24df00ecb97f av_one_half  avia-builder-el-1  el_after_av_section  el_before_av_one_half  avia-builder-el-first  first flex_column_div av-zero-column-padding  '     ><p>\n<style type=\"text\/css\" data-created_by=\"avia_inline_auto\" id=\"style-css-av-b5wdq-fa775dc5bfb489ad3f19215d44494456\">\n#top .av-special-heading.av-b5wdq-fa775dc5bfb489ad3f19215d44494456{\npadding-bottom:10px;\n}\nbody .av-special-heading.av-b5wdq-fa775dc5bfb489ad3f19215d44494456 .av-special-heading-tag .heading-char{\nfont-size:25px;\n}\n.av-special-heading.av-b5wdq-fa775dc5bfb489ad3f19215d44494456 .av-subheading{\nfont-size:15px;\n}\n<\/style>\n<div  class='av-special-heading av-b5wdq-fa775dc5bfb489ad3f19215d44494456 av-special-heading-h2 blockquote modern-quote  avia-builder-el-2  el_before_av_image  avia-builder-el-first '><h2 class='av-special-heading-tag '  itemprop=\"headline\"  >Bewertung<\/h2><div class=\"special-heading-border\"><div class=\"special-heading-inner-border\"><\/div><\/div><\/div><br \/>\n\n<style type=\"text\/css\" data-created_by=\"avia_inline_auto\" id=\"style-css-av-k6lzzdxv-6de1505b53443eb7e6e11120e93abdad\">\n.avia-image-container.av-k6lzzdxv-6de1505b53443eb7e6e11120e93abdad img.avia_image{\nbox-shadow:none;\n}\n.avia-image-container.av-k6lzzdxv-6de1505b53443eb7e6e11120e93abdad .av-image-caption-overlay-center{\ncolor:#ffffff;\n}\n<\/style>\n<div  class='avia-image-container av-k6lzzdxv-6de1505b53443eb7e6e11120e93abdad av-styling- avia-align-left  avia-builder-el-3  el_after_av_heading  el_before_av_button '   itemprop=\"image\" itemscope=\"itemscope\" itemtype=\"https:\/\/schema.org\/ImageObject\" ><div class=\"avia-image-container-inner\"><div class=\"avia-image-overlay-wrap\"><img decoding=\"async\" fetchpriority=\"high\" class='wp-image-5640 avia-img-lazy-loading-not-5640 avia_image ' src=\"https:\/\/virtualofficeduiven.nl\/wp-content\/uploads\/2020\/02\/formulier-invullen_640.jpg\" alt='Virtual Office - reviews schrijven' title='Reviews schrijven'  height=\"377\" width=\"640\"  itemprop=\"thumbnailUrl\" srcset=\"https:\/\/virtualofficeduiven.nl\/wp-content\/uploads\/2020\/02\/formulier-invullen_640.jpg 640w, https:\/\/virtualofficeduiven.nl\/wp-content\/uploads\/2020\/02\/formulier-invullen_640-300x177.jpg 300w, https:\/\/virtualofficeduiven.nl\/wp-content\/uploads\/2020\/02\/formulier-invullen_640-600x353.jpg 600w\" sizes=\"(max-width: 640px) 100vw, 640px\" \/><\/div><\/div><\/div><br \/>\n<div  class='avia-button-wrap av-k6m0287q-50b3734ec0e78d86d0cbbdaf4c21176d-wrap avia-button-left  avia-builder-el-4  el_after_av_image  avia-builder-el-last '>\n<style type=\"text\/css\" data-created_by=\"avia_inline_auto\" id=\"style-css-av-k6m0287q-50b3734ec0e78d86d0cbbdaf4c21176d\">\n#top #wrap_all .avia-button.av-k6m0287q-50b3734ec0e78d86d0cbbdaf4c21176d{\nbackground-color:#43afdd;\nborder-color:#43afdd;\ncolor:#ffffff;\ntransition:all 0.4s ease-in-out;\n}\n#top #wrap_all .avia-button.av-k6m0287q-50b3734ec0e78d86d0cbbdaf4c21176d .avia-svg-icon svg:first-child{\nfill:#ffffff;\nstroke:#ffffff;\n}\n<\/style>\n<a href='https:\/\/virtualofficeduiven.nl\/de\/bewertungen\/'  class='avia-button av-k6m0287q-50b3734ec0e78d86d0cbbdaf4c21176d av-link-btn avia-icon_select-yes-left-icon avia-size-x-large avia-position-left'   aria-label=\"Schreiben Sie Ihre eigene Bewertung\"><span class='avia_button_icon avia_button_icon_left avia-iconfont avia-font-entypo-fontello' data-av_icon='\ue84b' data-av_iconfont='entypo-fontello' ><\/span><span class='avia_iconbox_title' >Schreiben Sie Ihre eigene Bewertung<\/span><\/a><\/div><\/p><\/div>\n\n<style type=\"text\/css\" data-created_by=\"avia_inline_auto\" id=\"style-css-av-2zb6v2-e2841b0a572fc0109e681237f2351aec\">\n.flex_column.av-2zb6v2-e2841b0a572fc0109e681237f2351aec{\nborder-radius:0px 0px 0px 0px;\npadding:0px 0px 0px 0px;\n}\n<\/style>\n<div  class='flex_column av-2zb6v2-e2841b0a572fc0109e681237f2351aec av_one_half  avia-builder-el-5  el_after_av_one_half  avia-builder-el-last  flex_column_div av-zero-column-padding  '     ><section  class='av_textblock_section av-k6lzv9bc-68ff5f8564c0e67ae47bbaf344804582 '   itemscope=\"itemscope\" itemtype=\"https:\/\/schema.org\/CreativeWork\" ><div class='avia_textblock'  itemprop=\"text\" ><h3>Schreiben Sie \u00fcber Ihre Erfahrungen mit Virtual Office Duiven:<\/h3>\n<p>F\u00fcllen Sie das untenstehende Formular aus, schreiben Sie Ihre Bewertung in den letzten Textblock und klicken Sie auf die Schaltfl\u00e4che &#8222;Bewertung hinzuf\u00fcgen&#8220;.<\/p>\n<div class=\"strong-view strong-form strong-view-id-2 default-form wpmtst-default-form\" data-state=\"idle\"><div class=\"strong-form-wait\" data-formid=\"1\"><div class=\"message\"><img decoding=\"async\" src=\"https:\/\/virtualofficeduiven.nl\/wp-content\/plugins\/strong-testimonials\/assets\/public\/svg\/spinner-solid.svg\" alt=\"Strong Testimonials Formular Vorlage Spinner. (Ajax wirbeln kreiseln)\"><\/div><\/div><div class=\"wpmtst-form wpmtst-form-id-1\"><div class=\"strong-form-inner\"><p class=\"required-notice\"><span class=\"required symbol\"><\/span>Verplicht veld\t\t<\/p><form class=\"wpmtst-submission-form\" method=\"post\" enctype=\"multipart\/form-data\" autocomplete=\"off\" data-config=\"{&quot;scroll&quot;:{&quot;onError&quot;:true,&quot;onErrorOffset&quot;:80,&quot;onSuccess&quot;:true,&quot;onSuccessOffset&quot;:80},&quot;fields&quot;:[{&quot;name&quot;:&quot;client_name&quot;,&quot;type&quot;:&quot;text&quot;,&quot;required&quot;:1},{&quot;name&quot;:&quot;email&quot;,&quot;type&quot;:&quot;email&quot;,&quot;required&quot;:1},{&quot;name&quot;:&quot;company_name&quot;,&quot;type&quot;:&quot;text&quot;,&quot;required&quot;:0},{&quot;name&quot;:&quot;company_website&quot;,&quot;type&quot;:&quot;url&quot;,&quot;required&quot;:0},{&quot;name&quot;:&quot;post_title&quot;,&quot;type&quot;:&quot;text&quot;,&quot;required&quot;:0},{&quot;name&quot;:&quot;post_content&quot;,&quot;type&quot;:&quot;textarea&quot;,&quot;required&quot;:1},{&quot;name&quot;:&quot;periode&quot;,&quot;type&quot;:&quot;text&quot;,&quot;required&quot;:1}],&quot;ajaxUrl&quot;:&quot;https:\\\/\\\/virtualofficeduiven.nl\\\/wp-admin\\\/admin-ajax.php&quot;}\" data-formid = \"1\"><div style=\"display: none;\"><input type=\"hidden\" id=\"wpmtst_form_nonce\" name=\"wpmtst_form_nonce\" value=\"4744794fbb\" \/><input type=\"hidden\" name=\"_wp_http_referer\" value=\"\/de\/wp-json\/wp\/v2\/pages\/10610\" \/><input type=\"hidden\" name=\"action\" value=\"wpmtst_form\"><input type=\"hidden\" name=\"form_id\" value=\"1\"><input type=\"hidden\" name=\"default_category\" value=\"\"><input type=\"hidden\" name=\"view_id\" value=\"2\"><input type=\"hidden\" name=\"category\" value=\"\"><\/div><div class=\"form-field field-client_name\"><label for=\"wpmtst_client_name\" class=\"field-client_name\">Uw naam<\/label><span class=\"required symbol\"><\/span><input id=\"wpmtst_client_name\" type=\"text\" class=\"text\" name=\"client_name\"  value=\"\" placeholder=\"Uw volledige naam\"   required tabindex=\"0\"><span class=\"after\"><\/span><\/div><div class=\"form-field field-email\"><label for=\"wpmtst_email\" class=\"field-email\">Email<\/label><span class=\"required symbol\"><\/span><input id=\"wpmtst_email\" type=\"email\" class=\"text email\" name=\"email\"  value=\"\" placeholder=\"Wat is je emailadres\"   required tabindex=\"0\"><span class=\"after\"><\/span><\/div><div class=\"form-field field-company_name\"><label for=\"wpmtst_company_name\" class=\"field-company_name\">Bedrijfsnaam<\/label><input id=\"wpmtst_company_name\" type=\"text\" class=\"text\" name=\"company_name\"  value=\"\" placeholder=\"Wat is uw bedrijfsnaam?\"   tabindex=\"0\"><span class=\"after\"><\/span><\/div><div class=\"form-field field-company_website\"><label for=\"wpmtst_company_website\" class=\"field-company_website\">Website<\/label><input id=\"wpmtst_company_website\" type=\"url\" class=\"text url\" name=\"company_website\"  value=\"\" placeholder=\"Heeft u een website?\"   tabindex=\"0\"><span class=\"after\"><\/span><\/div><div class=\"form-field field-post_title\"><label for=\"wpmtst_post_title\" class=\"field-post_title\">Oneliner<\/label><input id=\"wpmtst_post_title\" type=\"text\" class=\"text\" name=\"post_title\"  value=\"\" placeholder=\"In 1 regel uw review!\"   tabindex=\"0\"><span class=\"after\"><\/span><\/div><div class=\"form-field field-post_content\"><label for=\"wpmtst_post_content\" class=\"field-post_content\">Review<\/label><span class=\"required symbol\"><\/span><textarea id=\"wpmtst_post_content\" name=\"post_content\" class=\"textarea\"  required placeholder=\"Schrijf uw ervaringen.\"  tabindex=\"0\"><\/textarea><span class=\"after\"><\/span><\/div><div class=\"form-field field-periode\"><label for=\"wpmtst_periode\" class=\"field-periode\">Periode<\/label><span class=\"required symbol\"><\/span><input id=\"wpmtst_periode\" type=\"text\" class=\"text\" name=\"periode\"  value=\"\" placeholder=\"(wanneer bezocht u onze website)\"   required tabindex=\"0\"><span class=\"after\"><\/span><\/div><div class=\"form-field wpmtst-submit\"><label><input type=\"submit\" class=\"wpmtst_submit_testimonial\" name=\"wpmtst_submit_testimonial\" value=\"Review toevoegen\" class=\"button\" tabindex=\"0\"><\/label><\/div><\/form><\/div><\/div><\/div>\n<\/div><\/section><\/div>\n","protected":false},"excerpt":{"rendered":"","protected":false},"author":354,"featured_media":0,"parent":0,"menu_order":0,"comment_status":"closed","ping_status":"closed","template":"","meta":{"footnotes":""},"class_list":["post-10610","page","type-page","status-publish","hentry"],"yoast_head":"<!-- This site is optimized with the Yoast SEO plugin v27.3 - https:\/\/yoast.com\/product\/yoast-seo-wordpress\/ -->\n<title>Bewertung selbst schreiben - lassen Sie andere wissen Virtual Office Duiven<\/title>\n<meta name=\"description\" content=\"Schreiben Sie Ihre eigene Bewertung \u00fcber Ihre Erfahrungen mit der Anmietung eines virtuellen B\u00fcros bei uns. Lassen Sie andere wissen, wie einfach ein virtuelles B\u00fcro sein kann.\" \/>\n<meta name=\"robots\" content=\"noindex, nofollow\" \/>\n<meta property=\"og:locale\" content=\"de_DE\" \/>\n<meta property=\"og:type\" content=\"article\" \/>\n<meta property=\"og:title\" content=\"Bewertung selbst schreiben - lassen Sie andere wissen Virtual Office Duiven\" \/>\n<meta property=\"og:description\" content=\"Schreiben Sie Ihre eigene Bewertung \u00fcber Ihre Erfahrungen mit der Anmietung eines virtuellen B\u00fcros bei uns. Lassen Sie andere wissen, wie einfach ein virtuelles B\u00fcro sein kann.\" \/>\n<meta property=\"og:url\" content=\"https:\/\/virtualofficeduiven.nl\/de\/schreiben-sie-ihre-eigene-bewertung\/\" \/>\n<meta property=\"og:site_name\" content=\"Virtual Office Duiven\" \/>\n<meta name=\"twitter:card\" content=\"summary_large_image\" \/>\n<meta name=\"twitter:site\" content=\"@vo24NL\" \/>\n<meta name=\"twitter:label1\" content=\"Gesch\u00e4tzte Lesezeit\" \/>\n\t<meta name=\"twitter:data1\" content=\"5\u00a0Minuten\" \/>\n<script type=\"application\/ld+json\" class=\"yoast-schema-graph\">{\"@context\":\"https:\\\/\\\/schema.org\",\"@graph\":[{\"@type\":\"WebPage\",\"@id\":\"https:\\\/\\\/virtualofficeduiven.nl\\\/de\\\/schreiben-sie-ihre-eigene-bewertung\\\/\",\"url\":\"https:\\\/\\\/virtualofficeduiven.nl\\\/de\\\/schreiben-sie-ihre-eigene-bewertung\\\/\",\"name\":\"Bewertung selbst schreiben - lassen Sie andere wissen Virtual Office Duiven\",\"isPartOf\":{\"@id\":\"https:\\\/\\\/virtualofficeduiven.nl\\\/de\\\/#website\"},\"datePublished\":\"2024-06-18T09:37:32+00:00\",\"description\":\"Schreiben Sie Ihre eigene Bewertung \u00fcber Ihre Erfahrungen mit der Anmietung eines virtuellen B\u00fcros bei uns. Lassen Sie andere wissen, wie einfach ein virtuelles B\u00fcro sein kann.\",\"breadcrumb\":{\"@id\":\"https:\\\/\\\/virtualofficeduiven.nl\\\/de\\\/schreiben-sie-ihre-eigene-bewertung\\\/#breadcrumb\"},\"inLanguage\":\"de\",\"potentialAction\":[{\"@type\":\"ReadAction\",\"target\":[\"https:\\\/\\\/virtualofficeduiven.nl\\\/de\\\/schreiben-sie-ihre-eigene-bewertung\\\/\"]}]},{\"@type\":\"BreadcrumbList\",\"@id\":\"https:\\\/\\\/virtualofficeduiven.nl\\\/de\\\/schreiben-sie-ihre-eigene-bewertung\\\/#breadcrumb\",\"itemListElement\":[{\"@type\":\"ListItem\",\"position\":1,\"name\":\"Home\",\"item\":\"https:\\\/\\\/virtualofficeduiven.nl\\\/de\\\/virtual-office-duiven\\\/\"},{\"@type\":\"ListItem\",\"position\":2,\"name\":\"Schreiben Sie Ihre eigene Bewertung\"}]},{\"@type\":\"WebSite\",\"@id\":\"https:\\\/\\\/virtualofficeduiven.nl\\\/de\\\/#website\",\"url\":\"https:\\\/\\\/virtualofficeduiven.nl\\\/de\\\/\",\"name\":\"Virtual Office Duiven\",\"description\":\"Een erkend KvK inschrijfadres op een toplocatie in Nederland! Vanaf slechts \u20ac 49,95 per maand! Veel bedrijven gingen u al voor!\",\"publisher\":{\"@id\":\"https:\\\/\\\/virtualofficeduiven.nl\\\/de\\\/#organization\"},\"potentialAction\":[{\"@type\":\"SearchAction\",\"target\":{\"@type\":\"EntryPoint\",\"urlTemplate\":\"https:\\\/\\\/virtualofficeduiven.nl\\\/de\\\/?s={search_term_string}\"},\"query-input\":{\"@type\":\"PropertyValueSpecification\",\"valueRequired\":true,\"valueName\":\"search_term_string\"}}],\"inLanguage\":\"de\"},{\"@type\":\"Organization\",\"@id\":\"https:\\\/\\\/virtualofficeduiven.nl\\\/de\\\/#organization\",\"name\":\"virtualkantoor24\",\"url\":\"https:\\\/\\\/virtualofficeduiven.nl\\\/de\\\/\",\"logo\":{\"@type\":\"ImageObject\",\"inLanguage\":\"de\",\"@id\":\"https:\\\/\\\/virtualofficeduiven.nl\\\/de\\\/#\\\/schema\\\/logo\\\/image\\\/\",\"url\":\"https:\\\/\\\/virtualofficeduiven.nl\\\/wp-content\\\/uploads\\\/2018\\\/10\\\/Logo-vk24-500.png\",\"contentUrl\":\"https:\\\/\\\/virtualofficeduiven.nl\\\/wp-content\\\/uploads\\\/2018\\\/10\\\/Logo-vk24-500.png\",\"width\":1400,\"height\":500,\"caption\":\"virtualkantoor24\"},\"image\":{\"@id\":\"https:\\\/\\\/virtualofficeduiven.nl\\\/de\\\/#\\\/schema\\\/logo\\\/image\\\/\"},\"sameAs\":[\"https:\\\/\\\/x.com\\\/vo24NL\",\"https:\\\/\\\/www.linkedin.com\\\/company\\\/10783740\"]}]}<\/script>\n<!-- \/ Yoast SEO plugin. -->","yoast_head_json":{"title":"Bewertung selbst schreiben - lassen Sie andere wissen Virtual Office Duiven","description":"Schreiben Sie Ihre eigene Bewertung \u00fcber Ihre Erfahrungen mit der Anmietung eines virtuellen B\u00fcros bei uns. Lassen Sie andere wissen, wie einfach ein virtuelles B\u00fcro sein kann.","robots":{"index":"noindex","follow":"nofollow"},"og_locale":"de_DE","og_type":"article","og_title":"Bewertung selbst schreiben - lassen Sie andere wissen Virtual Office Duiven","og_description":"Schreiben Sie Ihre eigene Bewertung \u00fcber Ihre Erfahrungen mit der Anmietung eines virtuellen B\u00fcros bei uns. Lassen Sie andere wissen, wie einfach ein virtuelles B\u00fcro sein kann.","og_url":"https:\/\/virtualofficeduiven.nl\/de\/schreiben-sie-ihre-eigene-bewertung\/","og_site_name":"Virtual Office Duiven","twitter_card":"summary_large_image","twitter_site":"@vo24NL","twitter_misc":{"Gesch\u00e4tzte Lesezeit":"5\u00a0Minuten"},"schema":{"@context":"https:\/\/schema.org","@graph":[{"@type":"WebPage","@id":"https:\/\/virtualofficeduiven.nl\/de\/schreiben-sie-ihre-eigene-bewertung\/","url":"https:\/\/virtualofficeduiven.nl\/de\/schreiben-sie-ihre-eigene-bewertung\/","name":"Bewertung selbst schreiben - lassen Sie andere wissen Virtual Office Duiven","isPartOf":{"@id":"https:\/\/virtualofficeduiven.nl\/de\/#website"},"datePublished":"2024-06-18T09:37:32+00:00","description":"Schreiben Sie Ihre eigene Bewertung \u00fcber Ihre Erfahrungen mit der Anmietung eines virtuellen B\u00fcros bei uns. Lassen Sie andere wissen, wie einfach ein virtuelles B\u00fcro sein kann.","breadcrumb":{"@id":"https:\/\/virtualofficeduiven.nl\/de\/schreiben-sie-ihre-eigene-bewertung\/#breadcrumb"},"inLanguage":"de","potentialAction":[{"@type":"ReadAction","target":["https:\/\/virtualofficeduiven.nl\/de\/schreiben-sie-ihre-eigene-bewertung\/"]}]},{"@type":"BreadcrumbList","@id":"https:\/\/virtualofficeduiven.nl\/de\/schreiben-sie-ihre-eigene-bewertung\/#breadcrumb","itemListElement":[{"@type":"ListItem","position":1,"name":"Home","item":"https:\/\/virtualofficeduiven.nl\/de\/virtual-office-duiven\/"},{"@type":"ListItem","position":2,"name":"Schreiben Sie Ihre eigene Bewertung"}]},{"@type":"WebSite","@id":"https:\/\/virtualofficeduiven.nl\/de\/#website","url":"https:\/\/virtualofficeduiven.nl\/de\/","name":"Virtual Office Duiven","description":"Een erkend KvK inschrijfadres op een toplocatie in Nederland! Vanaf slechts \u20ac 49,95 per maand! Veel bedrijven gingen u al voor!","publisher":{"@id":"https:\/\/virtualofficeduiven.nl\/de\/#organization"},"potentialAction":[{"@type":"SearchAction","target":{"@type":"EntryPoint","urlTemplate":"https:\/\/virtualofficeduiven.nl\/de\/?s={search_term_string}"},"query-input":{"@type":"PropertyValueSpecification","valueRequired":true,"valueName":"search_term_string"}}],"inLanguage":"de"},{"@type":"Organization","@id":"https:\/\/virtualofficeduiven.nl\/de\/#organization","name":"virtualkantoor24","url":"https:\/\/virtualofficeduiven.nl\/de\/","logo":{"@type":"ImageObject","inLanguage":"de","@id":"https:\/\/virtualofficeduiven.nl\/de\/#\/schema\/logo\/image\/","url":"https:\/\/virtualofficeduiven.nl\/wp-content\/uploads\/2018\/10\/Logo-vk24-500.png","contentUrl":"https:\/\/virtualofficeduiven.nl\/wp-content\/uploads\/2018\/10\/Logo-vk24-500.png","width":1400,"height":500,"caption":"virtualkantoor24"},"image":{"@id":"https:\/\/virtualofficeduiven.nl\/de\/#\/schema\/logo\/image\/"},"sameAs":["https:\/\/x.com\/vo24NL","https:\/\/www.linkedin.com\/company\/10783740"]}]}},"jetpack_sharing_enabled":true,"_links":{"self":[{"href":"https:\/\/virtualofficeduiven.nl\/de\/wp-json\/wp\/v2\/pages\/10610","targetHints":{"allow":["GET"]}}],"collection":[{"href":"https:\/\/virtualofficeduiven.nl\/de\/wp-json\/wp\/v2\/pages"}],"about":[{"href":"https:\/\/virtualofficeduiven.nl\/de\/wp-json\/wp\/v2\/types\/page"}],"author":[{"embeddable":true,"href":"https:\/\/virtualofficeduiven.nl\/de\/wp-json\/wp\/v2\/users\/354"}],"replies":[{"embeddable":true,"href":"https:\/\/virtualofficeduiven.nl\/de\/wp-json\/wp\/v2\/comments?post=10610"}],"version-history":[{"count":2,"href":"https:\/\/virtualofficeduiven.nl\/de\/wp-json\/wp\/v2\/pages\/10610\/revisions"}],"predecessor-version":[{"id":10612,"href":"https:\/\/virtualofficeduiven.nl\/de\/wp-json\/wp\/v2\/pages\/10610\/revisions\/10612"}],"wp:attachment":[{"href":"https:\/\/virtualofficeduiven.nl\/de\/wp-json\/wp\/v2\/media?parent=10610"}],"curies":[{"name":"wp","href":"https:\/\/api.w.org\/{rel}","templated":true}]}}