{"id":10504,"date":"2024-06-14T16:32:56","date_gmt":"2024-06-14T14:32:56","guid":{"rendered":"https:\/\/virtualofficeduiven.nl\/definition-des-virtuellen-buros\/"},"modified":"2024-06-20T12:18:09","modified_gmt":"2024-06-20T10:18:09","slug":"definition-des-virtuellen-buros","status":"publish","type":"page","link":"https:\/\/virtualofficeduiven.nl\/de\/definition-des-virtuellen-buros\/","title":{"rendered":"Definition des virtuellen B\u00fcros"},"content":{"rendered":"\n<style type=\"text\/css\" data-created_by=\"avia_inline_auto\" id=\"style-css-av-3rl5l3-cdf5904b3a33dba238d36dbd11f28d64\">\n.flex_column.av-3rl5l3-cdf5904b3a33dba238d36dbd11f28d64{\nborder-radius:0px 0px 0px 0px;\npadding:0px 0px 0px 0px;\n}\n<\/style>\n<div  class='flex_column av-3rl5l3-cdf5904b3a33dba238d36dbd11f28d64 av_one_half  avia-builder-el-0  el_before_av_one_half  avia-builder-el-first  first flex_column_div av-zero-column-padding  '     ><p>\n<style type=\"text\/css\" data-created_by=\"avia_inline_auto\" id=\"style-css-av-2yfk3b-06008cf7c784c37ae54ca1b1d78cd639\">\n#top .av-special-heading.av-2yfk3b-06008cf7c784c37ae54ca1b1d78cd639{\npadding-bottom:10px;\n}\nbody .av-special-heading.av-2yfk3b-06008cf7c784c37ae54ca1b1d78cd639 .av-special-heading-tag .heading-char{\nfont-size:25px;\n}\n.av-special-heading.av-2yfk3b-06008cf7c784c37ae54ca1b1d78cd639 .av-subheading{\nfont-size:15px;\n}\n<\/style>\n<div  class='av-special-heading av-2yfk3b-06008cf7c784c37ae54ca1b1d78cd639 av-special-heading-h2 blockquote modern-quote  avia-builder-el-1  el_before_av_button  avia-builder-el-first '><h2 class='av-special-heading-tag '  itemprop=\"headline\"  >WAS IST EIN VIRTUELLES B\u00dcRO?<\/h2><div class=\"special-heading-border\"><div class=\"special-heading-inner-border\"><\/div><\/div><\/div><br \/>\n<div  class='avia-button-wrap av-k5fe54sq-2c3d816584af11eff0418b24e8ff52d9-wrap avia-button-left  avia-builder-el-2  el_after_av_heading  el_before_av_hr '>\n<style type=\"text\/css\" data-created_by=\"avia_inline_auto\" id=\"style-css-av-k5fe54sq-2c3d816584af11eff0418b24e8ff52d9\">\n#top #wrap_all .avia-button.av-k5fe54sq-2c3d816584af11eff0418b24e8ff52d9{\nbackground-color:#f1843f;\nborder-color:#f1843f;\ncolor:#ffffff;\ntransition:all 0.4s ease-in-out;\n}\n#top #wrap_all .avia-button.av-k5fe54sq-2c3d816584af11eff0418b24e8ff52d9 .avia-svg-icon svg:first-child{\nfill:#ffffff;\nstroke:#ffffff;\n}\n<\/style>\n<a href='\/direct-een-professioneel-kantoor-huren\/'  class='avia-button av-k5fe54sq-2c3d816584af11eff0418b24e8ff52d9 av-link-btn avia-icon_select-yes-left-icon avia-size-x-large avia-position-left av-icon-on-hover'   aria-label=\"Vereinbaren Sie Ihr virtuelles B\u00fcro direkt\"><span class='avia_button_icon avia_button_icon_left avia-iconfont avia-font-entypo-fontello' data-av_icon='\ue889' data-av_iconfont='entypo-fontello' ><\/span><span class='avia_iconbox_title' >Vereinbaren Sie Ihr virtuelles B\u00fcro direkt<\/span><\/a><\/div><br \/>\n\n<style type=\"text\/css\" data-created_by=\"avia_inline_auto\" id=\"style-css-av-k5fef86s-25c4beefe9f6f5340614a2ded656fd51\">\n#top .hr.hr-invisible.av-k5fef86s-25c4beefe9f6f5340614a2ded656fd51{\nheight:100px;\n}\n<\/style>\n<div  class='hr av-k5fef86s-25c4beefe9f6f5340614a2ded656fd51 hr-invisible  avia-builder-el-3  el_after_av_button  el_before_av_image '><span class='hr-inner '><span class=\"hr-inner-style\"><\/span><\/span><\/div><br \/>\n\n<style type=\"text\/css\" data-created_by=\"avia_inline_auto\" id=\"style-css-av-k5fdg94w-71e87712627a2493106f7d802a819581\">\n.avia-image-container.av-k5fdg94w-71e87712627a2493106f7d802a819581 img.avia_image{\nbox-shadow:none;\n}\n.avia-image-container.av-k5fdg94w-71e87712627a2493106f7d802a819581 .av-image-caption-overlay-center{\ncolor:#ffffff;\n}\n<\/style>\n<div  class='avia-image-container av-k5fdg94w-71e87712627a2493106f7d802a819581 av-styling- avia-align-left  avia-builder-el-4  el_after_av_hr  avia-builder-el-last '   itemprop=\"image\" itemscope=\"itemscope\" itemtype=\"https:\/\/schema.org\/ImageObject\" ><div class=\"avia-image-container-inner\"><div class=\"avia-image-overlay-wrap\"><img decoding=\"async\" fetchpriority=\"high\" class='wp-image-5181 avia-img-lazy-loading-not-5181 avia_image ' src=\"https:\/\/virtualofficeduiven.nl\/wp-content\/uploads\/2020\/01\/virtual-office_640.jpg\" alt='VirtualOffice24 - definitie virtueel kantoor' title='Virtual office - wat is het en wat krijgt u'  height=\"320\" width=\"640\"  itemprop=\"thumbnailUrl\" srcset=\"https:\/\/virtualofficeduiven.nl\/wp-content\/uploads\/2020\/01\/virtual-office_640.jpg 640w, https:\/\/virtualofficeduiven.nl\/wp-content\/uploads\/2020\/01\/virtual-office_640-300x150.jpg 300w, https:\/\/virtualofficeduiven.nl\/wp-content\/uploads\/2020\/01\/virtual-office_640-600x300.jpg 600w\" sizes=\"(max-width: 640px) 100vw, 640px\" \/><\/div><\/div><\/div><\/p><\/div>\n\n<style type=\"text\/css\" data-created_by=\"avia_inline_auto\" id=\"style-css-av-2sm5if-5552472ba5236c795b26a39661303bd3\">\n.flex_column.av-2sm5if-5552472ba5236c795b26a39661303bd3{\nborder-radius:0px 0px 0px 0px;\npadding:0px 0px 0px 0px;\n}\n<\/style>\n<div  class='flex_column av-2sm5if-5552472ba5236c795b26a39661303bd3 av_one_half  avia-builder-el-5  el_after_av_one_half  el_before_av_hr  flex_column_div av-zero-column-padding  '     ><section  class='av_textblock_section av-k5fcz4ac-30406f0f3d7cab41dbd39a58b602c53b '   itemscope=\"itemscope\" itemtype=\"https:\/\/schema.org\/CreativeWork\" ><div class='avia_textblock'  itemprop=\"text\" ><h3>Was ist das?<\/h3>\n<p><strong>Definition Virtuelles B\u00fcro:<\/strong><br \/>\nEine offiziell anerkannte Gesch\u00e4ftsadresse in einem modernen B\u00fcrogeb\u00e4ude in bester Lage in Duiven.<br \/>\nSie mieten eine Reihe von physischen Quadratmetern B\u00fcrofl\u00e4che zur gemeinsamen Nutzung.<\/p>\n<h3>Was bekommen Sie?<\/h3>\n<p>Bei Virtual Office Duiven erhalten Sie:<\/p>\n<ul>\n<li>Eine offizielle und von der Handelskammer anerkannte Niederlassungs- und Postanschrift f\u00fcr Ihr Unternehmen.<\/li>\n<li>Unter dieser Adresse befindet sich ein modernes B\u00fcrogeb\u00e4ude, in dem PostNL und andere Kurierdienste Ihre Post zustellen.<br \/>\nWir nehmen diese Post entgegen und bewahren die f\u00fcr Sie bestimmte Post in einem separat verschlossenen Briefkasten f\u00fcr Sie auf.<\/li>\n<li>Wir k\u00f6nnen diese Post w\u00f6chentlich oder monatlich an eine andere (private) Adresse weiterleiten.<\/li>\n<li>Die Post kann von uns auch gescannt und per E-Mail versandt werden (zus\u00e4tzliche Kosten).<\/li>\n<li>Sie mieten eine bestimmte Anzahl physischer Quadratmeter B\u00fcrofl\u00e4che in dieser Immobilie, die:\n<ul>\n<li>physisch vorhanden ist und Ihrem Unternehmen zugeordnet ist,<\/li>\n<li>der Raum ist wie ein B\u00fcro eingerichtet: Schreibtische, St\u00fchle, Netzwerk und so weiter,<\/li>\n<li>Sie teilen diesen physischen Raum mit anderen Mietern des virtuellen B\u00fcros,<\/li>\n<li>der Raum steht zum Arbeiten zur Verf\u00fcgung oder kann nach Vereinbarung besucht werden,<\/li>\n<li>Die Anzahl der zu mietenden Quadratmeter h\u00e4ngt von Ihrer Unternehmensstruktur ab.<\/li>\n<\/ul>\n<\/li>\n<\/ul>\n<p>Wenn Sie m\u00f6chten, k\u00f6nnen Sie uns auch w\u00e4hrend der B\u00fcrozeiten und nur nach Vereinbarung besuchen:<\/p>\n<ul>\n<li>einen <strong>Besprechungsraum <\/strong> nutzen.<\/li>\n<li>zus\u00e4tzliche Nachsendung von Post (Zuschlag).<\/li>\n<\/ul>\n<h3>Virtuelles B\u00fcro nur f\u00fcr Unternehmen.<\/h3>\n<p>Ein virtuelles B\u00fcro ist nur f\u00fcr Unternehmen gedacht. Unter Unternehmen verstehen wir hier: Selbst\u00e4ndige, Personengesellschaften, Gesellschaften mit beschr\u00e4nkter Haftung, Stiftungen, Vereine, Gesellschaften mit beschr\u00e4nkter Haftung und so weiter. Nicht alle Rechtsformen sind <a href=\"https:\/\/virtualofficeduiven.nl\/de\/erlaubte-rechtsformen\/\">erlaubt<\/a>.<br \/>\nDaher ist es notwendig, eine <a href=\"http:\/\/kvk.nl\">Nummer der Handelskammer (CoC)<\/a> vorzulegen oder sie zu beantragen, wenn Sie Ihr Unternehmen gr\u00fcnden wollen.<br \/>\nBITTE BEACHTEN SIE: Privatpersonen oder Personen ohne Handelskammernummer k\u00f6nnen daher kein virtuelles B\u00fcro bei uns bestellen. Eine registrierung im Melderegister Personen unter dieser Adresse ist daher NICHT zul\u00e4ssig.<\/p>\n<\/div><\/section><\/div><div  class='hr av-2gtcav-fe23564743fd53fde1b913228d47e5bd hr-default  avia-builder-el-7  el_after_av_one_half  avia-builder-el-last '><span class='hr-inner '><span class=\"hr-inner-style\"><\/span><\/span><\/div><\/p>\n","protected":false},"excerpt":{"rendered":"","protected":false},"author":354,"featured_media":0,"parent":0,"menu_order":0,"comment_status":"closed","ping_status":"closed","template":"","meta":{"footnotes":""},"class_list":["post-10504","page","type-page","status-publish","hentry"],"yoast_head":"<!-- This site is optimized with the Yoast SEO plugin v27.3 - https:\/\/yoast.com\/product\/yoast-seo-wordpress\/ -->\n<title>Definition des virtuellen B\u00fcros - eine Definition und Optionen - Virtual Office Duiven<\/title>\n<meta name=\"description\" content=\"Definition: Ein virtuelles B\u00fcro ist eine offiziell anerkannte Gesch\u00e4fts- und Postanschrift in einem modernen B\u00fcrogeb\u00e4ude in bester Lage in Duiven.\" \/>\n<meta name=\"robots\" content=\"index, follow, max-snippet:-1, max-image-preview:large, max-video-preview:-1\" \/>\n<link rel=\"canonical\" href=\"https:\/\/virtualofficeduiven.nl\/de\/definition-des-virtuellen-buros\/\" \/>\n<meta property=\"og:locale\" content=\"de_DE\" \/>\n<meta property=\"og:type\" content=\"article\" \/>\n<meta property=\"og:title\" content=\"Definition des virtuellen B\u00fcros - eine Definition und Optionen - Virtual Office Duiven\" \/>\n<meta property=\"og:description\" content=\"Definition: Ein virtuelles B\u00fcro ist eine offiziell anerkannte Gesch\u00e4fts- und Postanschrift in einem modernen B\u00fcrogeb\u00e4ude in bester Lage in Duiven.\" \/>\n<meta property=\"og:url\" content=\"https:\/\/virtualofficeduiven.nl\/de\/definition-des-virtuellen-buros\/\" \/>\n<meta property=\"og:site_name\" content=\"Virtual Office Duiven\" \/>\n<meta property=\"article:modified_time\" content=\"2024-06-20T10:18:09+00:00\" \/>\n<meta name=\"twitter:card\" content=\"summary_large_image\" \/>\n<meta name=\"twitter:site\" content=\"@vo24NL\" \/>\n<meta name=\"twitter:label1\" content=\"Gesch\u00e4tzte Lesezeit\" \/>\n\t<meta name=\"twitter:data1\" content=\"5\u00a0Minuten\" \/>\n<script type=\"application\/ld+json\" class=\"yoast-schema-graph\">{\"@context\":\"https:\\\/\\\/schema.org\",\"@graph\":[{\"@type\":\"WebPage\",\"@id\":\"https:\\\/\\\/virtualofficeduiven.nl\\\/de\\\/definition-des-virtuellen-buros\\\/\",\"url\":\"https:\\\/\\\/virtualofficeduiven.nl\\\/de\\\/definition-des-virtuellen-buros\\\/\",\"name\":\"Definition des virtuellen B\u00fcros - eine Definition und Optionen - Virtual Office Duiven\",\"isPartOf\":{\"@id\":\"https:\\\/\\\/virtualofficeduiven.nl\\\/de\\\/#website\"},\"datePublished\":\"2024-06-14T14:32:56+00:00\",\"dateModified\":\"2024-06-20T10:18:09+00:00\",\"description\":\"Definition: Ein virtuelles B\u00fcro ist eine offiziell anerkannte Gesch\u00e4fts- und Postanschrift in einem modernen B\u00fcrogeb\u00e4ude in bester Lage in Duiven.\",\"breadcrumb\":{\"@id\":\"https:\\\/\\\/virtualofficeduiven.nl\\\/de\\\/definition-des-virtuellen-buros\\\/#breadcrumb\"},\"inLanguage\":\"de\",\"potentialAction\":[{\"@type\":\"ReadAction\",\"target\":[\"https:\\\/\\\/virtualofficeduiven.nl\\\/de\\\/definition-des-virtuellen-buros\\\/\"]}]},{\"@type\":\"BreadcrumbList\",\"@id\":\"https:\\\/\\\/virtualofficeduiven.nl\\\/de\\\/definition-des-virtuellen-buros\\\/#breadcrumb\",\"itemListElement\":[{\"@type\":\"ListItem\",\"position\":1,\"name\":\"Home\",\"item\":\"https:\\\/\\\/virtualofficeduiven.nl\\\/de\\\/virtual-office-duiven\\\/\"},{\"@type\":\"ListItem\",\"position\":2,\"name\":\"Definition des virtuellen B\u00fcros\"}]},{\"@type\":\"WebSite\",\"@id\":\"https:\\\/\\\/virtualofficeduiven.nl\\\/de\\\/#website\",\"url\":\"https:\\\/\\\/virtualofficeduiven.nl\\\/de\\\/\",\"name\":\"Virtual Office Duiven\",\"description\":\"Een erkend KvK inschrijfadres op een toplocatie in Nederland! Vanaf slechts \u20ac 49,95 per maand! Veel bedrijven gingen u al voor!\",\"publisher\":{\"@id\":\"https:\\\/\\\/virtualofficeduiven.nl\\\/de\\\/#organization\"},\"potentialAction\":[{\"@type\":\"SearchAction\",\"target\":{\"@type\":\"EntryPoint\",\"urlTemplate\":\"https:\\\/\\\/virtualofficeduiven.nl\\\/de\\\/?s={search_term_string}\"},\"query-input\":{\"@type\":\"PropertyValueSpecification\",\"valueRequired\":true,\"valueName\":\"search_term_string\"}}],\"inLanguage\":\"de\"},{\"@type\":\"Organization\",\"@id\":\"https:\\\/\\\/virtualofficeduiven.nl\\\/de\\\/#organization\",\"name\":\"virtualkantoor24\",\"url\":\"https:\\\/\\\/virtualofficeduiven.nl\\\/de\\\/\",\"logo\":{\"@type\":\"ImageObject\",\"inLanguage\":\"de\",\"@id\":\"https:\\\/\\\/virtualofficeduiven.nl\\\/de\\\/#\\\/schema\\\/logo\\\/image\\\/\",\"url\":\"https:\\\/\\\/virtualofficeduiven.nl\\\/wp-content\\\/uploads\\\/2018\\\/10\\\/Logo-vk24-500.png\",\"contentUrl\":\"https:\\\/\\\/virtualofficeduiven.nl\\\/wp-content\\\/uploads\\\/2018\\\/10\\\/Logo-vk24-500.png\",\"width\":1400,\"height\":500,\"caption\":\"virtualkantoor24\"},\"image\":{\"@id\":\"https:\\\/\\\/virtualofficeduiven.nl\\\/de\\\/#\\\/schema\\\/logo\\\/image\\\/\"},\"sameAs\":[\"https:\\\/\\\/x.com\\\/vo24NL\",\"https:\\\/\\\/www.linkedin.com\\\/company\\\/10783740\"]}]}<\/script>\n<!-- \/ Yoast SEO plugin. -->","yoast_head_json":{"title":"Definition des virtuellen B\u00fcros - eine Definition und Optionen - Virtual Office Duiven","description":"Definition: Ein virtuelles B\u00fcro ist eine offiziell anerkannte Gesch\u00e4fts- und Postanschrift in einem modernen B\u00fcrogeb\u00e4ude in bester Lage in Duiven.","robots":{"index":"index","follow":"follow","max-snippet":"max-snippet:-1","max-image-preview":"max-image-preview:large","max-video-preview":"max-video-preview:-1"},"canonical":"https:\/\/virtualofficeduiven.nl\/de\/definition-des-virtuellen-buros\/","og_locale":"de_DE","og_type":"article","og_title":"Definition des virtuellen B\u00fcros - eine Definition und Optionen - Virtual Office Duiven","og_description":"Definition: Ein virtuelles B\u00fcro ist eine offiziell anerkannte Gesch\u00e4fts- und Postanschrift in einem modernen B\u00fcrogeb\u00e4ude in bester Lage in Duiven.","og_url":"https:\/\/virtualofficeduiven.nl\/de\/definition-des-virtuellen-buros\/","og_site_name":"Virtual Office Duiven","article_modified_time":"2024-06-20T10:18:09+00:00","twitter_card":"summary_large_image","twitter_site":"@vo24NL","twitter_misc":{"Gesch\u00e4tzte Lesezeit":"5\u00a0Minuten"},"schema":{"@context":"https:\/\/schema.org","@graph":[{"@type":"WebPage","@id":"https:\/\/virtualofficeduiven.nl\/de\/definition-des-virtuellen-buros\/","url":"https:\/\/virtualofficeduiven.nl\/de\/definition-des-virtuellen-buros\/","name":"Definition des virtuellen B\u00fcros - eine Definition und Optionen - Virtual Office Duiven","isPartOf":{"@id":"https:\/\/virtualofficeduiven.nl\/de\/#website"},"datePublished":"2024-06-14T14:32:56+00:00","dateModified":"2024-06-20T10:18:09+00:00","description":"Definition: Ein virtuelles B\u00fcro ist eine offiziell anerkannte Gesch\u00e4fts- und Postanschrift in einem modernen B\u00fcrogeb\u00e4ude in bester Lage in Duiven.","breadcrumb":{"@id":"https:\/\/virtualofficeduiven.nl\/de\/definition-des-virtuellen-buros\/#breadcrumb"},"inLanguage":"de","potentialAction":[{"@type":"ReadAction","target":["https:\/\/virtualofficeduiven.nl\/de\/definition-des-virtuellen-buros\/"]}]},{"@type":"BreadcrumbList","@id":"https:\/\/virtualofficeduiven.nl\/de\/definition-des-virtuellen-buros\/#breadcrumb","itemListElement":[{"@type":"ListItem","position":1,"name":"Home","item":"https:\/\/virtualofficeduiven.nl\/de\/virtual-office-duiven\/"},{"@type":"ListItem","position":2,"name":"Definition des virtuellen B\u00fcros"}]},{"@type":"WebSite","@id":"https:\/\/virtualofficeduiven.nl\/de\/#website","url":"https:\/\/virtualofficeduiven.nl\/de\/","name":"Virtual Office Duiven","description":"Een erkend KvK inschrijfadres op een toplocatie in Nederland! Vanaf slechts \u20ac 49,95 per maand! Veel bedrijven gingen u al voor!","publisher":{"@id":"https:\/\/virtualofficeduiven.nl\/de\/#organization"},"potentialAction":[{"@type":"SearchAction","target":{"@type":"EntryPoint","urlTemplate":"https:\/\/virtualofficeduiven.nl\/de\/?s={search_term_string}"},"query-input":{"@type":"PropertyValueSpecification","valueRequired":true,"valueName":"search_term_string"}}],"inLanguage":"de"},{"@type":"Organization","@id":"https:\/\/virtualofficeduiven.nl\/de\/#organization","name":"virtualkantoor24","url":"https:\/\/virtualofficeduiven.nl\/de\/","logo":{"@type":"ImageObject","inLanguage":"de","@id":"https:\/\/virtualofficeduiven.nl\/de\/#\/schema\/logo\/image\/","url":"https:\/\/virtualofficeduiven.nl\/wp-content\/uploads\/2018\/10\/Logo-vk24-500.png","contentUrl":"https:\/\/virtualofficeduiven.nl\/wp-content\/uploads\/2018\/10\/Logo-vk24-500.png","width":1400,"height":500,"caption":"virtualkantoor24"},"image":{"@id":"https:\/\/virtualofficeduiven.nl\/de\/#\/schema\/logo\/image\/"},"sameAs":["https:\/\/x.com\/vo24NL","https:\/\/www.linkedin.com\/company\/10783740"]}]}},"jetpack_sharing_enabled":true,"_links":{"self":[{"href":"https:\/\/virtualofficeduiven.nl\/de\/wp-json\/wp\/v2\/pages\/10504","targetHints":{"allow":["GET"]}}],"collection":[{"href":"https:\/\/virtualofficeduiven.nl\/de\/wp-json\/wp\/v2\/pages"}],"about":[{"href":"https:\/\/virtualofficeduiven.nl\/de\/wp-json\/wp\/v2\/types\/page"}],"author":[{"embeddable":true,"href":"https:\/\/virtualofficeduiven.nl\/de\/wp-json\/wp\/v2\/users\/354"}],"replies":[{"embeddable":true,"href":"https:\/\/virtualofficeduiven.nl\/de\/wp-json\/wp\/v2\/comments?post=10504"}],"version-history":[{"count":7,"href":"https:\/\/virtualofficeduiven.nl\/de\/wp-json\/wp\/v2\/pages\/10504\/revisions"}],"predecessor-version":[{"id":10639,"href":"https:\/\/virtualofficeduiven.nl\/de\/wp-json\/wp\/v2\/pages\/10504\/revisions\/10639"}],"wp:attachment":[{"href":"https:\/\/virtualofficeduiven.nl\/de\/wp-json\/wp\/v2\/media?parent=10504"}],"curies":[{"name":"wp","href":"https:\/\/api.w.org\/{rel}","templated":true}]}}